{"id":17,"date":"2024-11-05T18:51:14","date_gmt":"2024-11-05T21:51:14","guid":{"rendered":"https:\/\/pbndigital.com.br\/?page_id=17"},"modified":"2024-12-04T13:24:44","modified_gmt":"2024-12-04T16:24:44","slug":"servicos","status":"publish","type":"page","link":"https:\/\/pbndigital.com.br\/index.php\/servicos\/","title":{"rendered":"Servi\u00e7os"},"content":{"rendered":"\n<div class=\"wp-block-columns is-layout-flex wp-container-core-columns-is-layout-9d6595d7 wp-block-columns-is-layout-flex\">\n<div class=\"wp-block-column is-layout-flow wp-block-column-is-layout-flow\" style=\"flex-basis:100%\">\n<div class=\"wp-block-cover is-light\"><span aria-hidden=\"true\" class=\"wp-block-cover__background has-background-dim\" style=\"background-color:#ced8e2\"><\/span><img loading=\"lazy\" decoding=\"async\" width=\"1280\" height=\"853\" class=\"wp-block-cover__image-background wp-image-188\" alt=\"\" src=\"https:\/\/pbndigital.com.br\/wp-content\/uploads\/2024\/11\/aid-ailment-appointment-businessman-card-care-1571981-pxhere.com_.jpg\" style=\"object-position:52% 0%\" data-object-fit=\"cover\" data-object-position=\"52% 0%\" srcset=\"https:\/\/pbndigital.com.br\/wp-content\/uploads\/2024\/11\/aid-ailment-appointment-businessman-card-care-1571981-pxhere.com_.jpg 1280w, https:\/\/pbndigital.com.br\/wp-content\/uploads\/2024\/11\/aid-ailment-appointment-businessman-card-care-1571981-pxhere.com_-300x200.jpg 300w, https:\/\/pbndigital.com.br\/wp-content\/uploads\/2024\/11\/aid-ailment-appointment-businessman-card-care-1571981-pxhere.com_-1024x682.jpg 1024w, https:\/\/pbndigital.com.br\/wp-content\/uploads\/2024\/11\/aid-ailment-appointment-businessman-card-care-1571981-pxhere.com_-768x512.jpg 768w\" sizes=\"auto, (max-width: 1280px) 100vw, 1280px\" \/><div class=\"wp-block-cover__inner-container is-layout-flow wp-block-cover-is-layout-flow\">\n<div class=\"wp-block-columns is-layout-flex wp-container-core-columns-is-layout-9d6595d7 wp-block-columns-is-layout-flex\">\n<div class=\"wp-block-column is-layout-flow wp-block-column-is-layout-flow\" style=\"flex-basis:40%\">\n<h6 class=\"wp-block-heading has-text-align-center has-background has-medium-font-size\" style=\"background-color:#ffffffbd\"><strong>Lorem Ipsum<\/strong>&nbsp;is simply dummy text of the printing and typesetting industry. <\/h6>\n<\/div>\n\n\n\n<div class=\"wp-block-column is-layout-flow wp-block-column-is-layout-flow\" style=\"flex-basis:60%\"><\/div>\n<\/div>\n<\/div><\/div>\n<\/div>\n<\/div>\n\n\n\n<p class=\"has-medium-font-size\"><strong>Lorem Ipsum<\/strong>&nbsp;is simply dummy text of the printing and typesetting industry. Lorem Ipsum has been the industry&#8217;s standard dummy text ever since the 1500s, when an unknown printer took a galley of type and scrambled it to make a type specimen book.<\/p>\n\n\n\n<div style=\"height:40px\" aria-hidden=\"true\" class=\"wp-block-spacer\"><\/div>\n\n\n\n<h3 class=\"wp-block-heading\">Gest\u00e3o de Sa\u00fade<\/h3>\n\n\n\n<div class=\"wp-block-columns is-layout-flex wp-container-core-columns-is-layout-9d6595d7 wp-block-columns-is-layout-flex\">\n<div class=\"wp-block-column is-layout-flow wp-block-column-is-layout-flow\" style=\"flex-basis:66.66%\">\n<figure class=\"wp-block-image size-full\"><img loading=\"lazy\" decoding=\"async\" width=\"1280\" height=\"853\" src=\"https:\/\/pbndigital.com.br\/wp-content\/uploads\/2024\/11\/medicine-health-glasses-hospital-clinic-organ-917209-pxhere.com_.jpg\" alt=\"\" class=\"wp-image-183\" style=\"aspect-ratio:4\/3;object-fit:contain\" srcset=\"https:\/\/pbndigital.com.br\/wp-content\/uploads\/2024\/11\/medicine-health-glasses-hospital-clinic-organ-917209-pxhere.com_.jpg 1280w, https:\/\/pbndigital.com.br\/wp-content\/uploads\/2024\/11\/medicine-health-glasses-hospital-clinic-organ-917209-pxhere.com_-300x200.jpg 300w, https:\/\/pbndigital.com.br\/wp-content\/uploads\/2024\/11\/medicine-health-glasses-hospital-clinic-organ-917209-pxhere.com_-1024x682.jpg 1024w, https:\/\/pbndigital.com.br\/wp-content\/uploads\/2024\/11\/medicine-health-glasses-hospital-clinic-organ-917209-pxhere.com_-768x512.jpg 768w\" sizes=\"auto, (max-width: 1280px) 100vw, 1280px\" \/><\/figure>\n<\/div>\n\n\n\n<div class=\"wp-block-column is-vertically-aligned-center is-layout-flow wp-block-column-is-layout-flow\" style=\"flex-basis:33.33%\">\n<p>Oferecemos solu\u00e7\u00f5es para otimiza\u00e7\u00e3o de custos assistenciais e atendimento \u00e0s leis de inclus\u00e3o e diversidade, como a Lei 8.213\/1991:<\/p>\n\n\n\n<div class=\"wp-block-group is-vertical is-layout-flex wp-container-core-group-is-layout-8cf370e7 wp-block-group-is-layout-flex\">\n<ul class=\"wp-block-list\">\n<li>Desenvolvimento de programas personalizados em controle de doen\u00e7as cr\u00f4nicas, oncologia, sa\u00fade mental, Transtorno do Espectro Autista, e mais<\/li>\n<\/ul>\n\n\n\n<ul class=\"wp-block-list\">\n<li>Implementa\u00e7\u00e3o de modelos baseados em valor (VBHC)<\/li>\n<\/ul>\n\n\n\n<ul class=\"wp-block-list\">\n<li>Integra\u00e7\u00e3o da sa\u00fade assistencial e ocupacional<\/li>\n<\/ul>\n\n\n\n<ul class=\"wp-block-list\">\n<li>Monitoramento de indicadores para resultados sustent\u00e1veis<\/li>\n<\/ul>\n<\/div>\n<\/div>\n<\/div>\n\n\n\n<div style=\"height:40px\" aria-hidden=\"true\" class=\"wp-block-spacer\"><\/div>\n\n\n\n<h3 class=\"wp-block-heading\">Projetos de Inova\u00e7\u00e3o em Sa\u00fade<\/h3>\n\n\n\n<div class=\"wp-block-columns is-layout-flex wp-container-core-columns-is-layout-9d6595d7 wp-block-columns-is-layout-flex\">\n<div class=\"wp-block-column is-vertically-aligned-center is-layout-flow wp-block-column-is-layout-flow\" style=\"flex-basis:33.33%\">\n<p class=\"has-text-align-right\">Desenvolvemos solu\u00e7\u00f5es tecnol\u00f3gicas que aprimoram a experi\u00eancia de pacientes e organiza\u00e7\u00f5es:<\/p>\n\n\n\n<div class=\"wp-block-group is-vertical is-layout-flex wp-container-core-group-is-layout-8cf370e7 wp-block-group-is-layout-flex\">\n<ul class=\"wp-block-list\">\n<li>Integra\u00e7\u00e3o das \u00e1reas assistenciais e operacionais para continuidade de cuidados<\/li>\n<\/ul>\n\n\n\n<ul class=\"wp-block-list\">\n<li>Algoritmos para chatbots em programas de sa\u00fade<\/li>\n<\/ul>\n\n\n\n<ul class=\"wp-block-list\">\n<li>Ferramentas para controle, educa\u00e7\u00e3o e apoio de doen\u00e7as cr\u00f4nicas, educa\u00e7\u00e3o alimentar, Transtorno do Espectro Autista e psicologia<\/li>\n<\/ul>\n<\/div>\n<\/div>\n\n\n\n<div class=\"wp-block-column is-layout-flow wp-block-column-is-layout-flow\" style=\"flex-basis:66.66%\">\n<figure class=\"wp-block-image size-large\"><img loading=\"lazy\" decoding=\"async\" width=\"1024\" height=\"683\" src=\"https:\/\/pbndigital.com.br\/wp-content\/uploads\/2024\/11\/caucasian-coat-doctor-employees-female-health-1446749-pxhere.com_-1024x683.jpg\" alt=\"\" class=\"wp-image-184\" style=\"aspect-ratio:4\/3;object-fit:cover\" srcset=\"https:\/\/pbndigital.com.br\/wp-content\/uploads\/2024\/11\/caucasian-coat-doctor-employees-female-health-1446749-pxhere.com_-1024x683.jpg 1024w, https:\/\/pbndigital.com.br\/wp-content\/uploads\/2024\/11\/caucasian-coat-doctor-employees-female-health-1446749-pxhere.com_-300x200.jpg 300w, https:\/\/pbndigital.com.br\/wp-content\/uploads\/2024\/11\/caucasian-coat-doctor-employees-female-health-1446749-pxhere.com_-768x512.jpg 768w, https:\/\/pbndigital.com.br\/wp-content\/uploads\/2024\/11\/caucasian-coat-doctor-employees-female-health-1446749-pxhere.com_.jpg 1280w\" sizes=\"auto, (max-width: 1024px) 100vw, 1024px\" \/><\/figure>\n<\/div>\n<\/div>\n\n\n\n<div style=\"height:40px\" aria-hidden=\"true\" class=\"wp-block-spacer\"><\/div>\n\n\n\n<h3 class=\"wp-block-heading\"><strong>Gest\u00e3o de Cl\u00ednicas e Centros M\u00e9dicos<\/strong><\/h3>\n\n\n\n<div class=\"wp-block-columns is-layout-flex wp-container-core-columns-is-layout-9d6595d7 wp-block-columns-is-layout-flex\">\n<div class=\"wp-block-column is-layout-flow wp-block-column-is-layout-flow\" style=\"flex-basis:66.66%\">\n<figure class=\"wp-block-image size-full\"><img loading=\"lazy\" decoding=\"async\" width=\"1907\" height=\"1140\" src=\"https:\/\/pbndigital.com.br\/wp-content\/uploads\/2024\/12\/imagemclinica-scaled-e1733329366702.jpg\" alt=\"\" class=\"wp-image-270\" style=\"aspect-ratio:4\/3;object-fit:cover\" srcset=\"https:\/\/pbndigital.com.br\/wp-content\/uploads\/2024\/12\/imagemclinica-scaled-e1733329366702.jpg 1907w, https:\/\/pbndigital.com.br\/wp-content\/uploads\/2024\/12\/imagemclinica-scaled-e1733329366702-300x179.jpg 300w, https:\/\/pbndigital.com.br\/wp-content\/uploads\/2024\/12\/imagemclinica-scaled-e1733329366702-1024x612.jpg 1024w, https:\/\/pbndigital.com.br\/wp-content\/uploads\/2024\/12\/imagemclinica-scaled-e1733329366702-768x459.jpg 768w, https:\/\/pbndigital.com.br\/wp-content\/uploads\/2024\/12\/imagemclinica-scaled-e1733329366702-1536x918.jpg 1536w\" sizes=\"auto, (max-width: 1907px) 100vw, 1907px\" \/><\/figure>\n<\/div>\n\n\n\n<div class=\"wp-block-column is-vertically-aligned-center is-layout-flow wp-block-column-is-layout-flow\" style=\"flex-basis:33.33%\">\n<p>Foco na melhoria da jornada do paciente e efici\u00eancia operacional:<\/p>\n\n\n\n<div class=\"wp-block-group is-vertical is-layout-flex wp-container-core-group-is-layout-8cf370e7 wp-block-group-is-layout-flex\">\n<ul class=\"wp-block-list\">\n<li>Treinamento de equipes e desenvolvimento de indicadores cl\u00ednicos e operacionais.<\/li>\n<\/ul>\n\n\n\n<ul class=\"wp-block-list\">\n<li>Mapeamento e otimiza\u00e7\u00e3o de processos;<\/li>\n<\/ul>\n\n\n\n<ul class=\"wp-block-list\">\n<li>Implementa\u00e7\u00e3o de pr\u00e1ticas certific\u00e1veis;<\/li>\n<\/ul>\n<\/div>\n<\/div>\n<\/div>\n\n\n\n<div class=\"wp-block-columns is-layout-flex wp-container-core-columns-is-layout-9d6595d7 wp-block-columns-is-layout-flex\"><\/div>\n\n\n\n<p><\/p>\n","protected":false},"excerpt":{"rendered":"<p>Lorem Ipsum&nbsp;is simply dummy text of the printing and typesetting industry. Lorem Ipsum has been the industry&#8217;s standard dummy text ever since the 1500s, when an unknown printer took a galley of type and scrambled it to make a type specimen book. Gest\u00e3o de Sa\u00fade Oferecemos solu\u00e7\u00f5es para otimiza\u00e7\u00e3o de custos assistenciais e atendimento \u00e0s<\/p>\n<p><a href=\"https:\/\/pbndigital.com.br\/index.php\/servicos\/\" class=\"more-link\">Read More<\/a><\/p>\n","protected":false},"author":1,"featured_media":0,"parent":0,"menu_order":0,"comment_status":"closed","ping_status":"closed","template":"","meta":{"footnotes":""},"class_list":["post-17","page","type-page","status-publish","hentry"],"_links":{"self":[{"href":"https:\/\/pbndigital.com.br\/index.php\/wp-json\/wp\/v2\/pages\/17","targetHints":{"allow":["GET"]}}],"collection":[{"href":"https:\/\/pbndigital.com.br\/index.php\/wp-json\/wp\/v2\/pages"}],"about":[{"href":"https:\/\/pbndigital.com.br\/index.php\/wp-json\/wp\/v2\/types\/page"}],"author":[{"embeddable":true,"href":"https:\/\/pbndigital.com.br\/index.php\/wp-json\/wp\/v2\/users\/1"}],"replies":[{"embeddable":true,"href":"https:\/\/pbndigital.com.br\/index.php\/wp-json\/wp\/v2\/comments?post=17"}],"version-history":[{"count":23,"href":"https:\/\/pbndigital.com.br\/index.php\/wp-json\/wp\/v2\/pages\/17\/revisions"}],"predecessor-version":[{"id":272,"href":"https:\/\/pbndigital.com.br\/index.php\/wp-json\/wp\/v2\/pages\/17\/revisions\/272"}],"wp:attachment":[{"href":"https:\/\/pbndigital.com.br\/index.php\/wp-json\/wp\/v2\/media?parent=17"}],"curies":[{"name":"wp","href":"https:\/\/api.w.org\/{rel}","templated":true}]}}