{"id":20,"date":"2024-11-05T18:52:34","date_gmt":"2024-11-05T21:52:34","guid":{"rendered":"https:\/\/pbndigital.com.br\/?page_id=20"},"modified":"2024-12-04T13:46:06","modified_gmt":"2024-12-04T16:46:06","slug":"projetos","status":"publish","type":"page","link":"https:\/\/pbndigital.com.br\/index.php\/projetos\/","title":{"rendered":"Projetos"},"content":{"rendered":"\n<div class=\"wp-block-cover is-light\"><span aria-hidden=\"true\" class=\"wp-block-cover__background has-background-dim-30 has-background-dim\" style=\"background-color:#b3a090\"><\/span><img loading=\"lazy\" decoding=\"async\" width=\"1280\" height=\"853\" class=\"wp-block-cover__image-background wp-image-178\" alt=\"\" src=\"https:\/\/pbndigital.com.br\/wp-content\/uploads\/2024\/11\/pexels-cottonbro-5185086.jpg\" style=\"object-position:53% 8%\" data-object-fit=\"cover\" data-object-position=\"53% 8%\" srcset=\"https:\/\/pbndigital.com.br\/wp-content\/uploads\/2024\/11\/pexels-cottonbro-5185086.jpg 1280w, https:\/\/pbndigital.com.br\/wp-content\/uploads\/2024\/11\/pexels-cottonbro-5185086-300x200.jpg 300w, https:\/\/pbndigital.com.br\/wp-content\/uploads\/2024\/11\/pexels-cottonbro-5185086-1024x682.jpg 1024w, https:\/\/pbndigital.com.br\/wp-content\/uploads\/2024\/11\/pexels-cottonbro-5185086-768x512.jpg 768w\" sizes=\"auto, (max-width: 1280px) 100vw, 1280px\" \/><div class=\"wp-block-cover__inner-container is-layout-flow wp-block-cover-is-layout-flow\">\n<p class=\"has-text-align-center has-large-font-size\"><\/p>\n\n\n\n<div class=\"wp-block-columns is-layout-flex wp-container-core-columns-is-layout-9d6595d7 wp-block-columns-is-layout-flex\">\n<div class=\"wp-block-column is-layout-flow wp-block-column-is-layout-flow\" style=\"flex-basis:40%\">\n<h6 class=\"wp-block-heading has-background\" style=\"background-color:#ffffffbd\">Lorem ipsum many desktop publishing packages and web page editors now use Lorem Ipsum as their default model text, and a search for &#8216;lorem ipsum&#8217; will uncover many web sites still in their infancy.&nbsp;<\/h6>\n<\/div>\n\n\n\n<div class=\"wp-block-column is-layout-flow wp-block-column-is-layout-flow\" style=\"flex-basis:60%\"><\/div>\n<\/div>\n<\/div><\/div>\n\n\n\n<p class=\"has-text-align-center\">Desenvolvemos projetos personalizados, com o objetivo de proporcionar uma jornada integrada e acolhedora ao paciente, elaboramos fluxos e processos alinhados \u00e0s normas certific\u00e1veis, com o prop\u00f3sito de gerar maior satisfa\u00e7\u00e3o aos pacientes, otimizar recursos e espa\u00e7os e reduzir desperd\u00edcios financeiros e operacionais. al\u00e9m de projetos integrados para gest\u00e3o de custos assistenciais e promo\u00e7\u00e3o da sa\u00fade corporativa.<\/p>\n\n\n\n<div class=\"wp-block-columns is-layout-flex wp-container-core-columns-is-layout-9d6595d7 wp-block-columns-is-layout-flex\">\n<div class=\"wp-block-column is-layout-flow wp-block-column-is-layout-flow\"><\/div>\n<\/div>\n\n\n\n<div class=\"wp-block-columns is-layout-flex wp-container-core-columns-is-layout-9d6595d7 wp-block-columns-is-layout-flex\">\n<div class=\"wp-block-column is-layout-flow wp-block-column-is-layout-flow\"><div class=\"wp-block-image is-style-rounded\">\n<figure class=\"aligncenter size-full is-resized\"><img loading=\"lazy\" decoding=\"async\" width=\"470\" height=\"396\" src=\"https:\/\/pbndigital.com.br\/wp-content\/uploads\/2024\/12\/projetos04-e1733330322679.jpg\" alt=\"\" class=\"wp-image-273\" style=\"object-fit:cover;width:200px;height:200px\" srcset=\"https:\/\/pbndigital.com.br\/wp-content\/uploads\/2024\/12\/projetos04-e1733330322679.jpg 470w, https:\/\/pbndigital.com.br\/wp-content\/uploads\/2024\/12\/projetos04-e1733330322679-300x253.jpg 300w\" sizes=\"auto, (max-width: 470px) 100vw, 470px\" \/><\/figure>\n<\/div><\/div>\n\n\n\n<div class=\"wp-block-column is-vertically-aligned-center is-layout-flow wp-block-column-is-layout-flow\">\n<h2 class=\"wp-block-heading\"><strong>Cuidado Conectado<\/strong><\/h2>\n\n\n\n<div class=\"wp-block-group is-vertical is-layout-flex wp-container-core-group-is-layout-8cf370e7 wp-block-group-is-layout-flex\">\n<ul class=\"wp-block-list\">\n<li>Mapeamento de produtos, \u00e1reas de apoio e dimensionamento de espa\u00e7os para expans\u00e3o<\/li>\n<\/ul>\n\n\n\n<ul class=\"wp-block-list\">\n<li>Ferramentas digitais para agendamento \u00e1gil<\/li>\n<\/ul>\n\n\n\n<ul class=\"wp-block-list\">\n<li>Atendimento personalizado e p\u00f3s-consulta personalizado e automatizado<\/li>\n<\/ul>\n<\/div>\n<\/div>\n<\/div>\n\n\n\n<div class=\"wp-block-columns is-layout-flex wp-container-core-columns-is-layout-9d6595d7 wp-block-columns-is-layout-flex\">\n<div class=\"wp-block-column is-layout-flow wp-block-column-is-layout-flow\"><div class=\"wp-block-image is-style-rounded\">\n<figure class=\"aligncenter size-large is-resized\"><img loading=\"lazy\" decoding=\"async\" width=\"1024\" height=\"683\" src=\"https:\/\/pbndigital.com.br\/wp-content\/uploads\/2024\/12\/projetos02-1024x683.jpg\" alt=\"\" class=\"wp-image-275\" style=\"aspect-ratio:1;object-fit:cover;width:200px;height:auto\" srcset=\"https:\/\/pbndigital.com.br\/wp-content\/uploads\/2024\/12\/projetos02-1024x683.jpg 1024w, https:\/\/pbndigital.com.br\/wp-content\/uploads\/2024\/12\/projetos02-300x200.jpg 300w, https:\/\/pbndigital.com.br\/wp-content\/uploads\/2024\/12\/projetos02-768x512.jpg 768w, https:\/\/pbndigital.com.br\/wp-content\/uploads\/2024\/12\/projetos02.jpg 1200w\" sizes=\"auto, (max-width: 1024px) 100vw, 1024px\" \/><\/figure>\n<\/div><\/div>\n\n\n\n<div class=\"wp-block-column is-vertically-aligned-center is-layout-flow wp-block-column-is-layout-flow\">\n<h2 class=\"wp-block-heading\"><strong>Acredita\u00e7\u00e3o e Certifica\u00e7\u00e3o<\/strong><\/h2>\n\n\n\n<div class=\"wp-block-group is-vertical is-layout-flex wp-container-core-group-is-layout-8cf370e7 wp-block-group-is-layout-flex\">\n<ul class=\"wp-block-list\">\n<li>Cria\u00e7\u00e3o de POPs e treinamento de equipes<\/li>\n<\/ul>\n\n\n\n<ul class=\"wp-block-list\">\n<li>Monitoramento de indicadores operacionais e financeiros<\/li>\n<\/ul>\n\n\n\n<ul class=\"wp-block-list\">\n<li>Planejamento estrat\u00e9gico para jornadas de atendimento e qualidade<\/li>\n<\/ul>\n<\/div>\n<\/div>\n<\/div>\n\n\n\n<div class=\"wp-block-columns is-layout-flex wp-container-core-columns-is-layout-9d6595d7 wp-block-columns-is-layout-flex\">\n<div class=\"wp-block-column is-layout-flow wp-block-column-is-layout-flow\"><div class=\"wp-block-image is-style-rounded\">\n<figure class=\"aligncenter size-large is-resized\"><img loading=\"lazy\" decoding=\"async\" width=\"1024\" height=\"680\" src=\"https:\/\/pbndigital.com.br\/wp-content\/uploads\/2024\/11\/computer-smartphone-mobile-hand-screen-technology-721865-pxhere.com_-1024x680.jpg\" alt=\"\" class=\"wp-image-193\" style=\"object-fit:cover;width:200px;height:200px\" srcset=\"https:\/\/pbndigital.com.br\/wp-content\/uploads\/2024\/11\/computer-smartphone-mobile-hand-screen-technology-721865-pxhere.com_-1024x680.jpg 1024w, https:\/\/pbndigital.com.br\/wp-content\/uploads\/2024\/11\/computer-smartphone-mobile-hand-screen-technology-721865-pxhere.com_-300x199.jpg 300w, https:\/\/pbndigital.com.br\/wp-content\/uploads\/2024\/11\/computer-smartphone-mobile-hand-screen-technology-721865-pxhere.com_-768x510.jpg 768w, https:\/\/pbndigital.com.br\/wp-content\/uploads\/2024\/11\/computer-smartphone-mobile-hand-screen-technology-721865-pxhere.com_.jpg 1280w\" sizes=\"auto, (max-width: 1024px) 100vw, 1024px\" \/><\/figure>\n<\/div><\/div>\n\n\n\n<div class=\"wp-block-column is-vertically-aligned-center is-layout-flow wp-block-column-is-layout-flow\">\n<h2 class=\"wp-block-heading\"><strong>Programas para RH e Empresas<\/strong><\/h2>\n\n\n\n<div class=\"wp-block-group is-vertical is-layout-flex wp-container-core-group-is-layout-8cf370e7 wp-block-group-is-layout-flex\">\n<ul class=\"wp-block-list\">\n<li>Palestras sobre bem-estar, produtividade, lideran\u00e7a e inclus\u00e3o;<\/li>\n<\/ul>\n\n\n\n<ul class=\"wp-block-list\">\n<li>Programas de sa\u00fade personalizados;<\/li>\n<\/ul>\n\n\n\n<ul class=\"wp-block-list\">\n<li>Assessoria t\u00e9cnica e cronograma anual de conte\u00fados;<\/li>\n<\/ul>\n\n\n\n<ul class=\"wp-block-list\">\n<li>Suporte para implanta\u00e7\u00e3o de medicina ocupacional<\/li>\n<\/ul>\n<\/div>\n<\/div>\n<\/div>\n\n\n\n<p><\/p>\n","protected":false},"excerpt":{"rendered":"<p>Desenvolvemos projetos personalizados, com o objetivo de proporcionar uma jornada integrada e acolhedora ao paciente, elaboramos fluxos e processos alinhados \u00e0s normas certific\u00e1veis, com o prop\u00f3sito de gerar maior satisfa\u00e7\u00e3o aos pacientes, otimizar recursos e espa\u00e7os e reduzir desperd\u00edcios financeiros e operacionais. al\u00e9m de projetos integrados para gest\u00e3o de custos assistenciais e promo\u00e7\u00e3o da sa\u00fade<\/p>\n<p><a href=\"https:\/\/pbndigital.com.br\/index.php\/projetos\/\" class=\"more-link\">Read More<\/a><\/p>\n","protected":false},"author":1,"featured_media":0,"parent":0,"menu_order":0,"comment_status":"closed","ping_status":"closed","template":"","meta":{"footnotes":""},"class_list":["post-20","page","type-page","status-publish","hentry"],"_links":{"self":[{"href":"https:\/\/pbndigital.com.br\/index.php\/wp-json\/wp\/v2\/pages\/20","targetHints":{"allow":["GET"]}}],"collection":[{"href":"https:\/\/pbndigital.com.br\/index.php\/wp-json\/wp\/v2\/pages"}],"about":[{"href":"https:\/\/pbndigital.com.br\/index.php\/wp-json\/wp\/v2\/types\/page"}],"author":[{"embeddable":true,"href":"https:\/\/pbndigital.com.br\/index.php\/wp-json\/wp\/v2\/users\/1"}],"replies":[{"embeddable":true,"href":"https:\/\/pbndigital.com.br\/index.php\/wp-json\/wp\/v2\/comments?post=20"}],"version-history":[{"count":10,"href":"https:\/\/pbndigital.com.br\/index.php\/wp-json\/wp\/v2\/pages\/20\/revisions"}],"predecessor-version":[{"id":276,"href":"https:\/\/pbndigital.com.br\/index.php\/wp-json\/wp\/v2\/pages\/20\/revisions\/276"}],"wp:attachment":[{"href":"https:\/\/pbndigital.com.br\/index.php\/wp-json\/wp\/v2\/media?parent=20"}],"curies":[{"name":"wp","href":"https:\/\/api.w.org\/{rel}","templated":true}]}}